{"id":1185,"date":"2024-07-13T20:40:17","date_gmt":"2024-07-13T18:40:17","guid":{"rendered":"https:\/\/www.werkschau-wiesbaden.de\/2024SS\/freischwimmer\/?page_id=1185"},"modified":"2024-07-16T19:28:13","modified_gmt":"2024-07-16T17:28:13","slug":"impressum","status":"publish","type":"page","link":"https:\/\/www.werkschau-wiesbaden.de\/2024SS\/freischwimmer\/impressum\/","title":{"rendered":"Impressum"},"content":{"rendered":"\t\t<div data-elementor-type=\"wp-page\" data-elementor-id=\"1185\" class=\"elementor elementor-1185\" data-elementor-post-type=\"page\">\n\t\t\t\t\t\t<section class=\"elementor-section elementor-top-section elementor-element elementor-element-56f5ec4 elementor-section-boxed elementor-section-height-default elementor-section-height-default\" data-id=\"56f5ec4\" data-element_type=\"section\" data-settings=\"{&quot;background_background&quot;:&quot;classic&quot;}\">\n\t\t\t\t\t\t<div class=\"elementor-container elementor-column-gap-default\">\n\t\t\t\t\t<div class=\"elementor-column elementor-col-100 elementor-top-column elementor-element elementor-element-06d42c2\" data-id=\"06d42c2\" data-element_type=\"column\">\n\t\t\t<div class=\"elementor-widget-wrap elementor-element-populated\">\n\t\t\t\t\t\t<div class=\"elementor-element elementor-element-ebd9177 elementor-widget elementor-widget-heading\" data-id=\"ebd9177\" data-element_type=\"widget\" data-widget_type=\"heading.default\">\n\t\t\t\t<div class=\"elementor-widget-container\">\n\t\t\t<style>\/*! elementor - v3.23.0 - 15-07-2024 *\/\n.elementor-heading-title{padding:0;margin:0;line-height:1}.elementor-widget-heading .elementor-heading-title[class*=elementor-size-]>a{color:inherit;font-size:inherit;line-height:inherit}.elementor-widget-heading .elementor-heading-title.elementor-size-small{font-size:15px}.elementor-widget-heading .elementor-heading-title.elementor-size-medium{font-size:19px}.elementor-widget-heading .elementor-heading-title.elementor-size-large{font-size:29px}.elementor-widget-heading .elementor-heading-title.elementor-size-xl{font-size:39px}.elementor-widget-heading .elementor-heading-title.elementor-size-xxl{font-size:59px}<\/style><h2 class=\"elementor-heading-title elementor-size-default\">Impressum<\/h2>\t\t<\/div>\n\t\t\t\t<\/div>\n\t\t\t\t<div class=\"elementor-element elementor-element-9c2c90e elementor-widget elementor-widget-heading\" data-id=\"9c2c90e\" data-element_type=\"widget\" data-widget_type=\"heading.default\">\n\t\t\t\t<div class=\"elementor-widget-container\">\n\t\t\t<p class=\"elementor-heading-title elementor-size-default\">Die Webseite erscheint anl\u00e4sslich der Werkschau Freischwimmer des Studiengangs Kommunikationsdesign der Hochschule RheinMain am 18.07.2024.\n<\/p>\t\t<\/div>\n\t\t\t\t<\/div>\n\t\t\t\t<div class=\"elementor-element elementor-element-50289e4 elementor-widget elementor-widget-heading\" data-id=\"50289e4\" data-element_type=\"widget\" data-widget_type=\"heading.default\">\n\t\t\t\t<div class=\"elementor-widget-container\">\n\t\t\t<p class=\"elementor-heading-title elementor-size-default\">\u2028\u00a9 2024 f\u00fcr die Texte bei den Autor: innen\u2028\u2028<\/p>\t\t<\/div>\n\t\t\t\t<\/div>\n\t\t\t\t<div class=\"elementor-element elementor-element-8e426a8 elementor-widget elementor-widget-heading\" data-id=\"8e426a8\" data-element_type=\"widget\" data-widget_type=\"heading.default\">\n\t\t\t\t<div class=\"elementor-widget-container\">\n\t\t\t<p class=\"elementor-heading-title elementor-size-default\">\u00a9 2024 f\u00fcr die Fotografien der Studierenden<\/p>\t\t<\/div>\n\t\t\t\t<\/div>\n\t\t\t\t<div class=\"elementor-element elementor-element-39fa01c elementor-widget elementor-widget-heading\" data-id=\"39fa01c\" data-element_type=\"widget\" data-widget_type=\"heading.default\">\n\t\t\t\t<div class=\"elementor-widget-container\">\n\t\t\t<h2 class=\"elementor-heading-title elementor-size-default\">Herausgeber\n<\/h2>\t\t<\/div>\n\t\t\t\t<\/div>\n\t\t\t\t<div class=\"elementor-element elementor-element-86e8c31 elementor-widget elementor-widget-heading\" data-id=\"86e8c31\" data-element_type=\"widget\" data-widget_type=\"heading.default\">\n\t\t\t\t<div class=\"elementor-widget-container\">\n\t\t\t<p class=\"elementor-heading-title elementor-size-default\">Hochschule RheinMain, Studiengang Kommunikationsdesign\n<\/p>\t\t<\/div>\n\t\t\t\t<\/div>\n\t\t\t\t<div class=\"elementor-element elementor-element-fd88bf1 elementor-hidden-mobile elementor-widget elementor-widget-heading\" data-id=\"fd88bf1\" data-element_type=\"widget\" data-widget_type=\"heading.default\">\n\t\t\t\t<div class=\"elementor-widget-container\">\n\t\t\t<h2 class=\"elementor-heading-title elementor-size-default\">Ausstellungsprojekt\n<\/h2>\t\t<\/div>\n\t\t\t\t<\/div>\n\t\t\t\t<div class=\"elementor-element elementor-element-6e81cfd elementor-hidden-desktop elementor-hidden-laptop elementor-hidden-tablet_extra elementor-hidden-tablet elementor-hidden-mobile_extra elementor-widget elementor-widget-heading\" data-id=\"6e81cfd\" data-element_type=\"widget\" data-widget_type=\"heading.default\">\n\t\t\t\t<div class=\"elementor-widget-container\">\n\t\t\t<h2 class=\"elementor-heading-title elementor-size-default\">Ausstellungsprojekt\n<\/h2>\t\t<\/div>\n\t\t\t\t<\/div>\n\t\t\t\t<div class=\"elementor-element elementor-element-30e6c26 elementor-widget elementor-widget-heading\" data-id=\"30e6c26\" data-element_type=\"widget\" data-widget_type=\"heading.default\">\n\t\t\t\t<div class=\"elementor-widget-container\">\n\t\t\t<p class=\"elementor-heading-title elementor-size-default\">Event-und Ausstellungsdesign <br>\nLeitung: Prof. B\u00f6rries M\u00fcller-B\u00fcsching, Prof. Dr. Theo Steiner und Heike Hildebrandt \n<\/p>\t\t<\/div>\n\t\t\t\t<\/div>\n\t\t\t\t<div class=\"elementor-element elementor-element-159c2b2 elementor-hidden-mobile elementor-widget elementor-widget-heading\" data-id=\"159c2b2\" data-element_type=\"widget\" data-widget_type=\"heading.default\">\n\t\t\t\t<div class=\"elementor-widget-container\">\n\t\t\t<h2 class=\"elementor-heading-title elementor-size-default\">Projektmanagement\n<\/h2>\t\t<\/div>\n\t\t\t\t<\/div>\n\t\t\t\t<div class=\"elementor-element elementor-element-b542172 elementor-hidden-desktop elementor-hidden-laptop elementor-hidden-tablet_extra elementor-hidden-tablet elementor-hidden-mobile_extra elementor-widget elementor-widget-heading\" data-id=\"b542172\" data-element_type=\"widget\" data-widget_type=\"heading.default\">\n\t\t\t\t<div class=\"elementor-widget-container\">\n\t\t\t<h2 class=\"elementor-heading-title elementor-size-default\">Projektmanagement\n<\/h2>\t\t<\/div>\n\t\t\t\t<\/div>\n\t\t\t\t<div class=\"elementor-element elementor-element-9823c9c elementor-widget elementor-widget-heading\" data-id=\"9823c9c\" data-element_type=\"widget\" data-widget_type=\"heading.default\">\n\t\t\t\t<div class=\"elementor-widget-container\">\n\t\t\t<p class=\"elementor-heading-title elementor-size-default\">Lena Pausch, Fiona Peci, Maximilian Aurea<\/p>\t\t<\/div>\n\t\t\t\t<\/div>\n\t\t\t\t<div class=\"elementor-element elementor-element-90abd7c elementor-widget elementor-widget-heading\" data-id=\"90abd7c\" data-element_type=\"widget\" data-widget_type=\"heading.default\">\n\t\t\t\t<div class=\"elementor-widget-container\">\n\t\t\t<h2 class=\"elementor-heading-title elementor-size-default\">Corporate Design\n<\/h2>\t\t<\/div>\n\t\t\t\t<\/div>\n\t\t\t\t<div class=\"elementor-element elementor-element-5623f1d elementor-widget elementor-widget-heading\" data-id=\"5623f1d\" data-element_type=\"widget\" data-widget_type=\"heading.default\">\n\t\t\t\t<div class=\"elementor-widget-container\">\n\t\t\t<p class=\"elementor-heading-title elementor-size-default\">Fiona Peci, Maximilian Aurea, Felix B\u00fcttner, Sara Boettger, Aaron Bauer, Emely Endler<\/p>\t\t<\/div>\n\t\t\t\t<\/div>\n\t\t\t\t<div class=\"elementor-element elementor-element-a3fcccd elementor-widget elementor-widget-heading\" data-id=\"a3fcccd\" data-element_type=\"widget\" data-widget_type=\"heading.default\">\n\t\t\t\t<div class=\"elementor-widget-container\">\n\t\t\t<h2 class=\"elementor-heading-title elementor-size-default\">Katalog<\/h2>\t\t<\/div>\n\t\t\t\t<\/div>\n\t\t\t\t<div class=\"elementor-element elementor-element-4017056 elementor-widget elementor-widget-heading\" data-id=\"4017056\" data-element_type=\"widget\" data-widget_type=\"heading.default\">\n\t\t\t\t<div class=\"elementor-widget-container\">\n\t\t\t<p class=\"elementor-heading-title elementor-size-default\">Lara Isak, Sophie Lichtenberg, Juyoung Lim, Mine G\u00fczel, Till Kraus<\/p>\t\t<\/div>\n\t\t\t\t<\/div>\n\t\t\t\t<div class=\"elementor-element elementor-element-a4ced19 elementor-widget elementor-widget-heading\" data-id=\"a4ced19\" data-element_type=\"widget\" data-widget_type=\"heading.default\">\n\t\t\t\t<div class=\"elementor-widget-container\">\n\t\t\t<h2 class=\"elementor-heading-title elementor-size-default\">Website<\/h2>\t\t<\/div>\n\t\t\t\t<\/div>\n\t\t\t\t<div class=\"elementor-element elementor-element-1d02be9 elementor-widget elementor-widget-heading\" data-id=\"1d02be9\" data-element_type=\"widget\" data-widget_type=\"heading.default\">\n\t\t\t\t<div class=\"elementor-widget-container\">\n\t\t\t<p class=\"elementor-heading-title elementor-size-default\">Maximilian Aurea, Christoph Fiedler, Sonny R\u00fcck<\/p>\t\t<\/div>\n\t\t\t\t<\/div>\n\t\t\t\t<div class=\"elementor-element elementor-element-f333d62 elementor-widget elementor-widget-heading\" data-id=\"f333d62\" data-element_type=\"widget\" data-widget_type=\"heading.default\">\n\t\t\t\t<div class=\"elementor-widget-container\">\n\t\t\t<h2 class=\"elementor-heading-title elementor-size-default\">\nFotografie\n<\/h2>\t\t<\/div>\n\t\t\t\t<\/div>\n\t\t\t\t<div class=\"elementor-element elementor-element-2fdec69 elementor-widget elementor-widget-heading\" data-id=\"2fdec69\" data-element_type=\"widget\" data-widget_type=\"heading.default\">\n\t\t\t\t<div class=\"elementor-widget-container\">\n\t\t\t<p class=\"elementor-heading-title elementor-size-default\">Felix B\u00fcttner, Celine Kasper, Christoph Fiedler<\/p>\t\t<\/div>\n\t\t\t\t<\/div>\n\t\t\t\t<div class=\"elementor-element elementor-element-2b92755 elementor-widget elementor-widget-heading\" data-id=\"2b92755\" data-element_type=\"widget\" data-widget_type=\"heading.default\">\n\t\t\t\t<div class=\"elementor-widget-container\">\n\t\t\t<h2 class=\"elementor-heading-title elementor-size-default\">PR und Social Media\n<\/h2>\t\t<\/div>\n\t\t\t\t<\/div>\n\t\t\t\t<div class=\"elementor-element elementor-element-e296200 elementor-widget elementor-widget-heading\" data-id=\"e296200\" data-element_type=\"widget\" data-widget_type=\"heading.default\">\n\t\t\t\t<div class=\"elementor-widget-container\">\n\t\t\t<p class=\"elementor-heading-title elementor-size-default\">Fiona Peci, Melanie Aul<\/p>\t\t<\/div>\n\t\t\t\t<\/div>\n\t\t\t\t<div class=\"elementor-element elementor-element-b1f3356 elementor-widget elementor-widget-heading\" data-id=\"b1f3356\" data-element_type=\"widget\" data-widget_type=\"heading.default\">\n\t\t\t\t<div class=\"elementor-widget-container\">\n\t\t\t<h2 class=\"elementor-heading-title elementor-size-default\">\nAngaben gem\u00e4\u00df \u00a7 5 TMG\n<\/h2>\t\t<\/div>\n\t\t\t\t<\/div>\n\t\t\t\t<div class=\"elementor-element elementor-element-bd6c5dc elementor-widget elementor-widget-heading\" data-id=\"bd6c5dc\" data-element_type=\"widget\" data-widget_type=\"heading.default\">\n\t\t\t\t<div class=\"elementor-widget-container\">\n\t\t\t<p class=\"elementor-heading-title elementor-size-default\">Hochschule RheinMain<br>\u2028Kurt-Schumacher-Ring 18<br>65197 Wiesbaden\u2028<br>USt-IdNr DE 811490955<\/p>\t\t<\/div>\n\t\t\t\t<\/div>\n\t\t\t\t<div class=\"elementor-element elementor-element-f5ca9a1 elementor-widget elementor-widget-heading\" data-id=\"f5ca9a1\" data-element_type=\"widget\" data-widget_type=\"heading.default\">\n\t\t\t\t<div class=\"elementor-widget-container\">\n\t\t\t<p class=\"elementor-heading-title elementor-size-default\">Tel.: +49 (0) 611 9495-1101 <br>Fax: + 49 (0) 611 9495-1106\u2028<br>www.werkschau-wiesbaden.de\n<\/p>\t\t<\/div>\n\t\t\t\t<\/div>\n\t\t\t\t<div class=\"elementor-element elementor-element-05acefe elementor-widget elementor-widget-heading\" data-id=\"05acefe\" data-element_type=\"widget\" data-widget_type=\"heading.default\">\n\t\t\t\t<div class=\"elementor-widget-container\">\n\t\t\t<p class=\"elementor-heading-title elementor-size-default\">Die Hochschule RheinMain ist eine K\u00f6rperschaft des \u00f6ffentlichen Rechts. Sie wird durch die Pr\u00e4sidentin Prof. Dr. Eva Waller gesetzlich vertreten.\u2028<\/p>\t\t<\/div>\n\t\t\t\t<\/div>\n\t\t\t\t<div class=\"elementor-element elementor-element-439aab6 elementor-widget elementor-widget-heading\" data-id=\"439aab6\" data-element_type=\"widget\" data-widget_type=\"heading.default\">\n\t\t\t\t<div class=\"elementor-widget-container\">\n\t\t\t<p class=\"elementor-heading-title elementor-size-default\">Pr\u00e4sidentin\n<\/p>\t\t<\/div>\n\t\t\t\t<\/div>\n\t\t\t\t<div class=\"elementor-element elementor-element-9fcda9e elementor-widget elementor-widget-heading\" data-id=\"9fcda9e\" data-element_type=\"widget\" data-widget_type=\"heading.default\">\n\t\t\t\t<div class=\"elementor-widget-container\">\n\t\t\t<p class=\"elementor-heading-title elementor-size-default\">Prof. Dr. Eva Waller\u2028<br>E-Mail: praesidentin@hs-rm.de\u2028\u200d<\/p>\t\t<\/div>\n\t\t\t\t<\/div>\n\t\t\t\t<div class=\"elementor-element elementor-element-918f9ad elementor-widget elementor-widget-heading\" data-id=\"918f9ad\" data-element_type=\"widget\" data-widget_type=\"heading.default\">\n\t\t\t\t<div class=\"elementor-widget-container\">\n\t\t\t<p class=\"elementor-heading-title elementor-size-default\">Ansprechpartner\n<\/p>\t\t<\/div>\n\t\t\t\t<\/div>\n\t\t\t\t<div class=\"elementor-element elementor-element-aa09c5b elementor-widget elementor-widget-heading\" data-id=\"aa09c5b\" data-element_type=\"widget\" data-widget_type=\"heading.default\">\n\t\t\t\t<div class=\"elementor-widget-container\">\n\t\t\t<p class=\"elementor-heading-title elementor-size-default\">Prof. B\u00f6rries M\u00fcller-B\u00fcsching<br>\nEmail: boerries.mueller-buesching@hs-rm.de\n<\/p>\t\t<\/div>\n\t\t\t\t<\/div>\n\t\t\t\t<div class=\"elementor-element elementor-element-8c77959 elementor-widget elementor-widget-heading\" data-id=\"8c77959\" data-element_type=\"widget\" data-widget_type=\"heading.default\">\n\t\t\t\t<div class=\"elementor-widget-container\">\n\t\t\t<p class=\"elementor-heading-title elementor-size-default\">Aufsichtsbeh\u00f6rde<\/p>\t\t<\/div>\n\t\t\t\t<\/div>\n\t\t\t\t<div class=\"elementor-element elementor-element-6d71132 elementor-widget elementor-widget-heading\" data-id=\"6d71132\" data-element_type=\"widget\" data-widget_type=\"heading.default\">\n\t\t\t\t<div class=\"elementor-widget-container\">\n\t\t\t<p class=\"elementor-heading-title elementor-size-default\">Hessisches Ministerium f\u00fcr Wissenschaft und Kunst\u2028<br>Rheinstra\u00dfe 23 - 25<br>65185 Wiesbaden\n<\/p>\t\t<\/div>\n\t\t\t\t<\/div>\n\t\t\t\t<div class=\"elementor-element elementor-element-d53ad65 elementor-widget elementor-widget-heading\" data-id=\"d53ad65\" data-element_type=\"widget\" data-widget_type=\"heading.default\">\n\t\t\t\t<div class=\"elementor-widget-container\">\n\t\t\t<h2 class=\"elementor-heading-title elementor-size-default\">Haftung\n<\/h2>\t\t<\/div>\n\t\t\t\t<\/div>\n\t\t\t\t<div class=\"elementor-element elementor-element-54dc820 elementor-widget elementor-widget-heading\" data-id=\"54dc820\" data-element_type=\"widget\" data-widget_type=\"heading.default\">\n\t\t\t\t<div class=\"elementor-widget-container\">\n\t\t\t<p class=\"elementor-heading-title elementor-size-default\">Die Hochschule RheinMain ist f\u00fcr ihre Internetseiten gem\u00e4\u00df den allgemeinen Gesetzen, insbesondere nach \u00a7 7 Abs. 1 des Telemediengesetzes verantwortlich. Alle Inhalte werden mit der gebotenen Sorgfalt und nach bestem Wissen erstellt. Soweit sie auf ihren Internetseiten mittels Hyperlinks auf Internetseiten Dritter verweist, kann sie keine Gew\u00e4hr f\u00fcr die Aktualit\u00e4t, Richtigkeit und Vollst\u00e4ndigkeit der verlinkten Inhalte \u00fcbernehmen, da diese Inhalte au\u00dferhalb ihres Verantwortungsbereichs liegen und sie auf die zuk\u00fcnftige Gestaltung keinen Einfluss hat. Externe Links sind innerhalb der Website mit dem folgenden Symbol Externer Link gekennzeichnet.<\/p>\t\t<\/div>\n\t\t\t\t<\/div>\n\t\t\t\t<div class=\"elementor-element elementor-element-0cf133c elementor-widget elementor-widget-heading\" data-id=\"0cf133c\" data-element_type=\"widget\" data-widget_type=\"heading.default\">\n\t\t\t\t<div class=\"elementor-widget-container\">\n\t\t\t<h2 class=\"elementor-heading-title elementor-size-default\">Social Media<\/h2>\t\t<\/div>\n\t\t\t\t<\/div>\n\t\t\t\t<div class=\"elementor-element elementor-element-63b9ec8 elementor-widget elementor-widget-heading\" data-id=\"63b9ec8\" data-element_type=\"widget\" data-widget_type=\"heading.default\">\n\t\t\t\t<div class=\"elementor-widget-container\">\n\t\t\t<p class=\"elementor-heading-title elementor-size-default\">Das Impressum gilt ebenso f\u00fcr die Social-Media-Pr\u00e4senzen der Hochschule RheinMain: Facebook, Twitter, YouTube und Instagram. Die rechtlichen Hinweise auf dieser Seite sowie alle Fragen und Streitigkeiten im Zusammenhang mit dieser Website unterliegen dem Recht der Bundesrepublik Deutschland.\n<\/p>\t\t<\/div>\n\t\t\t\t<\/div>\n\t\t\t\t\t<\/div>\n\t\t<\/div>\n\t\t\t\t\t<\/div>\n\t\t<\/section>\n\t\t\t\t<\/div>\n\t\t","protected":false},"excerpt":{"rendered":"<p>Impressum Die Webseite erscheint anl\u00e4sslich der Werkschau Freischwimmer des Studiengangs Kommunikationsdesign der Hochschule RheinMain am 18.07.2024. \u2028\u00a9 2024 f\u00fcr die Texte bei den Autor: innen\u2028\u2028 \u00a9 2024 f\u00fcr die Fotografien der Studierenden Herausgeber Hochschule RheinMain, Studiengang Kommunikationsdesign Ausstellungsprojekt Ausstellungsprojekt Event-und Ausstellungsdesign Leitung: Prof. B\u00f6rries M\u00fcller-B\u00fcsching, Prof. Dr. Theo Steiner und Heike Hildebrandt Projektmanagement Projektmanagement Lena [&hellip;]<\/p>\n","protected":false},"author":1,"featured_media":0,"parent":0,"menu_order":0,"comment_status":"closed","ping_status":"closed","template":"","meta":{"footnotes":""},"class_list":["post-1185","page","type-page","status-publish","hentry"],"yoast_head":"<!-- This site is optimized with the Yoast SEO plugin v23.0 - https:\/\/yoast.com\/wordpress\/plugins\/seo\/ -->\n<title>Impressum -<\/title>\n<meta name=\"robots\" content=\"index, follow, max-snippet:-1, max-image-preview:large, max-video-preview:-1\" \/>\n<link rel=\"canonical\" href=\"https:\/\/www.werkschau-wiesbaden.de\/2024SS\/freischwimmer\/impressum\/\" \/>\n<meta property=\"og:locale\" content=\"de_DE\" \/>\n<meta property=\"og:type\" content=\"article\" \/>\n<meta property=\"og:title\" content=\"Impressum -\" \/>\n<meta property=\"og:description\" content=\"Impressum Die Webseite erscheint anl\u00e4sslich der Werkschau Freischwimmer des Studiengangs Kommunikationsdesign der Hochschule RheinMain am 18.07.2024. \u2028\u00a9 2024 f\u00fcr die Texte bei den Autor: innen\u2028\u2028 \u00a9 2024 f\u00fcr die Fotografien der Studierenden Herausgeber Hochschule RheinMain, Studiengang Kommunikationsdesign Ausstellungsprojekt Ausstellungsprojekt Event-und Ausstellungsdesign Leitung: Prof. B\u00f6rries M\u00fcller-B\u00fcsching, Prof. Dr. Theo Steiner und Heike Hildebrandt Projektmanagement Projektmanagement Lena [&hellip;]\" \/>\n<meta property=\"og:url\" content=\"https:\/\/www.werkschau-wiesbaden.de\/2024SS\/freischwimmer\/impressum\/\" \/>\n<meta property=\"article:modified_time\" content=\"2024-07-16T17:28:13+00:00\" \/>\n<meta name=\"twitter:card\" content=\"summary_large_image\" \/>\n<meta name=\"twitter:label1\" content=\"Gesch\u00e4tzte Lesezeit\" \/>\n\t<meta name=\"twitter:data1\" content=\"2\u00a0Minuten\" \/>\n<script type=\"application\/ld+json\" class=\"yoast-schema-graph\">{\"@context\":\"https:\/\/schema.org\",\"@graph\":[{\"@type\":\"WebPage\",\"@id\":\"https:\/\/www.werkschau-wiesbaden.de\/2024SS\/freischwimmer\/impressum\/\",\"url\":\"https:\/\/www.werkschau-wiesbaden.de\/2024SS\/freischwimmer\/impressum\/\",\"name\":\"Impressum -\",\"isPartOf\":{\"@id\":\"https:\/\/www.werkschau-wiesbaden.de\/2024SS\/freischwimmer\/#website\"},\"datePublished\":\"2024-07-13T18:40:17+00:00\",\"dateModified\":\"2024-07-16T17:28:13+00:00\",\"breadcrumb\":{\"@id\":\"https:\/\/www.werkschau-wiesbaden.de\/2024SS\/freischwimmer\/impressum\/#breadcrumb\"},\"inLanguage\":\"de\",\"potentialAction\":[{\"@type\":\"ReadAction\",\"target\":[\"https:\/\/www.werkschau-wiesbaden.de\/2024SS\/freischwimmer\/impressum\/\"]}]},{\"@type\":\"BreadcrumbList\",\"@id\":\"https:\/\/www.werkschau-wiesbaden.de\/2024SS\/freischwimmer\/impressum\/#breadcrumb\",\"itemListElement\":[{\"@type\":\"ListItem\",\"position\":1,\"name\":\"Startseite\",\"item\":\"https:\/\/www.werkschau-wiesbaden.de\/2024SS\/freischwimmer\/\"},{\"@type\":\"ListItem\",\"position\":2,\"name\":\"Impressum\"}]},{\"@type\":\"WebSite\",\"@id\":\"https:\/\/www.werkschau-wiesbaden.de\/2024SS\/freischwimmer\/#website\",\"url\":\"https:\/\/www.werkschau-wiesbaden.de\/2024SS\/freischwimmer\/\",\"name\":\"\",\"description\":\"\",\"potentialAction\":[{\"@type\":\"SearchAction\",\"target\":{\"@type\":\"EntryPoint\",\"urlTemplate\":\"https:\/\/www.werkschau-wiesbaden.de\/2024SS\/freischwimmer\/?s={search_term_string}\"},\"query-input\":\"required name=search_term_string\"}],\"inLanguage\":\"de\"}]}<\/script>\n<!-- \/ Yoast SEO plugin. -->","yoast_head_json":{"title":"Impressum -","robots":{"index":"index","follow":"follow","max-snippet":"max-snippet:-1","max-image-preview":"max-image-preview:large","max-video-preview":"max-video-preview:-1"},"canonical":"https:\/\/www.werkschau-wiesbaden.de\/2024SS\/freischwimmer\/impressum\/","og_locale":"de_DE","og_type":"article","og_title":"Impressum -","og_description":"Impressum Die Webseite erscheint anl\u00e4sslich der Werkschau Freischwimmer des Studiengangs Kommunikationsdesign der Hochschule RheinMain am 18.07.2024. \u2028\u00a9 2024 f\u00fcr die Texte bei den Autor: innen\u2028\u2028 \u00a9 2024 f\u00fcr die Fotografien der Studierenden Herausgeber Hochschule RheinMain, Studiengang Kommunikationsdesign Ausstellungsprojekt Ausstellungsprojekt Event-und Ausstellungsdesign Leitung: Prof. B\u00f6rries M\u00fcller-B\u00fcsching, Prof. Dr. Theo Steiner und Heike Hildebrandt Projektmanagement Projektmanagement Lena [&hellip;]","og_url":"https:\/\/www.werkschau-wiesbaden.de\/2024SS\/freischwimmer\/impressum\/","article_modified_time":"2024-07-16T17:28:13+00:00","twitter_card":"summary_large_image","twitter_misc":{"Gesch\u00e4tzte Lesezeit":"2\u00a0Minuten"},"schema":{"@context":"https:\/\/schema.org","@graph":[{"@type":"WebPage","@id":"https:\/\/www.werkschau-wiesbaden.de\/2024SS\/freischwimmer\/impressum\/","url":"https:\/\/www.werkschau-wiesbaden.de\/2024SS\/freischwimmer\/impressum\/","name":"Impressum -","isPartOf":{"@id":"https:\/\/www.werkschau-wiesbaden.de\/2024SS\/freischwimmer\/#website"},"datePublished":"2024-07-13T18:40:17+00:00","dateModified":"2024-07-16T17:28:13+00:00","breadcrumb":{"@id":"https:\/\/www.werkschau-wiesbaden.de\/2024SS\/freischwimmer\/impressum\/#breadcrumb"},"inLanguage":"de","potentialAction":[{"@type":"ReadAction","target":["https:\/\/www.werkschau-wiesbaden.de\/2024SS\/freischwimmer\/impressum\/"]}]},{"@type":"BreadcrumbList","@id":"https:\/\/www.werkschau-wiesbaden.de\/2024SS\/freischwimmer\/impressum\/#breadcrumb","itemListElement":[{"@type":"ListItem","position":1,"name":"Startseite","item":"https:\/\/www.werkschau-wiesbaden.de\/2024SS\/freischwimmer\/"},{"@type":"ListItem","position":2,"name":"Impressum"}]},{"@type":"WebSite","@id":"https:\/\/www.werkschau-wiesbaden.de\/2024SS\/freischwimmer\/#website","url":"https:\/\/www.werkschau-wiesbaden.de\/2024SS\/freischwimmer\/","name":"","description":"","potentialAction":[{"@type":"SearchAction","target":{"@type":"EntryPoint","urlTemplate":"https:\/\/www.werkschau-wiesbaden.de\/2024SS\/freischwimmer\/?s={search_term_string}"},"query-input":"required name=search_term_string"}],"inLanguage":"de"}]}},"_links":{"self":[{"href":"https:\/\/www.werkschau-wiesbaden.de\/2024SS\/freischwimmer\/wp-json\/wp\/v2\/pages\/1185","targetHints":{"allow":["GET"]}}],"collection":[{"href":"https:\/\/www.werkschau-wiesbaden.de\/2024SS\/freischwimmer\/wp-json\/wp\/v2\/pages"}],"about":[{"href":"https:\/\/www.werkschau-wiesbaden.de\/2024SS\/freischwimmer\/wp-json\/wp\/v2\/types\/page"}],"author":[{"embeddable":true,"href":"https:\/\/www.werkschau-wiesbaden.de\/2024SS\/freischwimmer\/wp-json\/wp\/v2\/users\/1"}],"replies":[{"embeddable":true,"href":"https:\/\/www.werkschau-wiesbaden.de\/2024SS\/freischwimmer\/wp-json\/wp\/v2\/comments?post=1185"}],"version-history":[{"count":58,"href":"https:\/\/www.werkschau-wiesbaden.de\/2024SS\/freischwimmer\/wp-json\/wp\/v2\/pages\/1185\/revisions"}],"predecessor-version":[{"id":2336,"href":"https:\/\/www.werkschau-wiesbaden.de\/2024SS\/freischwimmer\/wp-json\/wp\/v2\/pages\/1185\/revisions\/2336"}],"wp:attachment":[{"href":"https:\/\/www.werkschau-wiesbaden.de\/2024SS\/freischwimmer\/wp-json\/wp\/v2\/media?parent=1185"}],"curies":[{"name":"wp","href":"https:\/\/api.w.org\/{rel}","templated":true}]}}